{"id":6604,"date":"2023-07-16T11:09:47","date_gmt":"2023-07-16T11:09:47","guid":{"rendered":"https:\/\/vengavaspanish.com\/precios\/"},"modified":"2025-10-03T09:03:26","modified_gmt":"2025-10-03T09:03:26","slug":"precios","status":"publish","type":"page","link":"https:\/\/vengavaspanish.com\/es\/precios\/","title":{"rendered":"Precios"},"content":{"rendered":"<p>[et_pb_section fb_built=\u00bb1&#8243; admin_label=\u00bbPrecios\u00bb _builder_version=\u00bb4.21.0&#8243; _module_preset=\u00bbdefault\u00bb background_color=\u00bb#47BE68&#8243; background_image=\u00bbhttps:\/\/vengavaspanish.com\/wp-content\/uploads\/2023\/07\/manos-doctora-irreconocible-rellenando-formulario-portapapeles-scaled.jpg\u00bb bottom_divider_style=\u00bbmountains2&#8243; bottom_divider_color=\u00bb#f2af32&#8243; da_disable_devices=\u00bboff|off|off\u00bb collapsed=\u00bboff\u00bb global_colors_info=\u00bb{}\u00bb da_is_popup=\u00bboff\u00bb da_exit_intent=\u00bboff\u00bb da_has_close=\u00bbon\u00bb da_alt_close=\u00bboff\u00bb da_dark_close=\u00bboff\u00bb da_not_modal=\u00bbon\u00bb da_is_singular=\u00bboff\u00bb da_with_loader=\u00bboff\u00bb da_has_shadow=\u00bbon\u00bb][et_pb_row column_structure=\u00bb1_2,1_2&#8243; _builder_version=\u00bb4.19.2&#8243; _module_preset=\u00bbdefault\u00bb global_colors_info=\u00bb{}\u00bb][et_pb_column type=\u00bb1_2&#8243; _builder_version=\u00bb4.19.2&#8243; _module_preset=\u00bbdefault\u00bb global_colors_info=\u00bb{}\u00bb][et_pb_text _builder_version=\u00bb4.21.0&#8243; _module_preset=\u00bbcdafa82a-965c-4e7a-9c91-b579de9dec63&#8243; text_text_color=\u00bb#062b42&#8243; header_text_color=\u00bb#062b42&#8243; custom_margin=\u00bb||10px||false|false\u00bb header_text_shadow_style=\u00bbpreset1&#8243; global_colors_info=\u00bb{}\u00bb]<\/p>\n<h1>Precios<\/h1>\n<p>[\/et_pb_text][\/et_pb_column][et_pb_column type=\u00bb1_2&#8243; _builder_version=\u00bb4.19.2&#8243; _module_preset=\u00bbdefault\u00bb global_colors_info=\u00bb{}\u00bb][et_pb_button button_url=\u00bb@ET-DC@eyJkeW5hbWljIjp0cnVlLCJjb250ZW50IjoicG9zdF9saW5rX3VybF9wYWdlIiwic2V0dGluZ3MiOnsicG9zdF9pZCI6IjYwODYifX0=@\u00bb button_text=\u00bbReserva\u00bb button_alignment=\u00bbright\u00bb _builder_version=\u00bb4.21.0&#8243; _dynamic_attributes=\u00bbbutton_url\u00bb _module_preset=\u00bbafc8e2a0-376f-46da-ae57-fcf1dd621f97&#8243; button_bg_color=\u00bb#ef4f00&#8243; background_layout=\u00bbdark\u00bb custom_margin=\u00bb25px||25px||false|false\u00bb button_text_size_tablet=\u00bb\u00bb button_text_size_phone=\u00bb14px\u00bb button_text_size_last_edited=\u00bbon|phone\u00bb button_text_shadow_style=\u00bbpreset1&#8243; box_shadow_style=\u00bbpreset2&#8243; global_colors_info=\u00bb{}\u00bb][\/et_pb_button][\/et_pb_column][\/et_pb_row][\/et_pb_section][et_pb_section fb_built=\u00bb1&#8243; admin_label=\u00bbResumen de precios\u00bb _builder_version=\u00bb4.21.0&#8243; _module_preset=\u00bbdefault\u00bb background_color=\u00bb#F8FAFB\u00bb top_divider_style=\u00bbarrow3&#8243; top_divider_color=\u00bb#f2af32&#8243; bottom_divider_style=\u00bbgraph2&#8243; bottom_divider_color=\u00bb#f2af32&#8243; da_disable_devices=\u00bboff|off|off\u00bb collapsed=\u00bboff\u00bb global_colors_info=\u00bb{}\u00bb da_is_popup=\u00bboff\u00bb da_exit_intent=\u00bboff\u00bb da_has_close=\u00bbon\u00bb da_alt_close=\u00bboff\u00bb da_dark_close=\u00bboff\u00bb da_not_modal=\u00bbon\u00bb da_is_singular=\u00bboff\u00bb da_with_loader=\u00bboff\u00bb da_has_shadow=\u00bbon\u00bb][et_pb_row admin_label=\u00bbCursos generales\u00bb _builder_version=\u00bb4.21.0&#8243; _module_preset=\u00bbdefault\u00bb custom_padding=\u00bb||0px|||\u00bb global_colors_info=\u00bb{}\u00bb][et_pb_column type=\u00bb4_4&#8243; _builder_version=\u00bb4.21.0&#8243; _module_preset=\u00bbdefault\u00bb global_colors_info=\u00bb{}\u00bb][et_pb_text _builder_version=\u00bb4.19.2&#8243; _module_preset=\u00bbac782700-2bdb-466e-9e4b-0834cd76e551&#8243; custom_margin=\u00bb||10px||false|false\u00bb global_colors_info=\u00bb{}\u00bb]<\/p>\n<h2>Todos los cursos<\/h2>\n<p>[\/et_pb_text][et_pb_text _builder_version=\u00bb4.21.0&#8243; _module_preset=\u00bb821f246f-b2de-4af1-8003-2ddf0bcc1729&#8243; global_colors_info=\u00bb{}\u00bb]<\/p>\n<p>Aqu\u00ed puedes consultar los precios de todos nuestros cursos de un vistazo. M\u00e1s detalles en el apartado de \u00abInscripci\u00f3n y materiales\u00bb.<\/p>\n<p>&nbsp;<\/p>\n<p>[\/et_pb_text][et_pb_image src=\u00bbhttps:\/\/vengavaspanish.com\/wp-content\/uploads\/2025\/04\/Prices-25-26-1.png\u00bb title_text=\u00bbPrecios 25-26 1&#8243; force_fullwidth=\u00bbon\u00bb _builder_version=\u00bb4.27.4&#8243; _module_preset=\u00bbdefault\u00bb hover_enabled=\u00bb0&#8243; global_colors_info=\u00bb{}\u00bb sticky_enabled=\u00bb0&#8243;][\/et_pb_image][et_pb_image src=\u00bbhttps:\/\/vengavaspanish.com\/wp-content\/uploads\/2025\/04\/Prices-25-26-2.png\u00bb title_text=\u00bbPrices 25-26 2&#8243; force_fullwidth=\u00bbon\u00bb _builder_version=\u00bb4.27.4&#8243; _module_preset=\u00bbdefault\u00bb hover_enabled=\u00bb0&#8243; global_colors_info=\u00bb{}\u00bb sticky_enabled=\u00bb0&#8243;][\/et_pb_image][et_pb_text _builder_version=\u00bb4.27.4&#8243; _dynamic_attributes=\u00bblink_option_url\u00bb _module_preset=\u00bbdefault\u00bb text_font=\u00bb||||on||||\u00bb text_text_color=\u00bb#E02B20&#8243; link_option_url=\u00bb@ET-DC@eyJkeW5hbWljIjp0cnVlLCJjb250ZW50IjoicG9zdF9saW5rX3VybF9hdHRhY2htZW50Iiwic2V0dGluZ3MiOnsicG9zdF9pZCI6IjY3MDcifX0=@\u00bb link_option_url_new_window=\u00bbon\u00bb hover_enabled=\u00bb0&#8243; text_font_size_tablet=\u00bb\u00bb text_font_size_phone=\u00bb12px\u00bb text_font_size_last_edited=\u00bbon|phone\u00bb global_colors_info=\u00bb{}\u00bb sticky_enabled=\u00bb0&#8243;]<\/p>\n<p style=\"text-align: right;\"><a href=\"https:\/\/vengavaspanish.com\/wp-content\/uploads\/2025\/04\/Prices-2025-26.pdf\" rel=\"attachment wp-att-6843\">Descargar la tabla de precios<\/a><\/p>\n<p>[\/et_pb_text][\/et_pb_column][\/et_pb_row][et_pb_row admin_label=\u00bbInfo sobre precio de matr\u00edcula y materiales y duraci\u00f3n de hora lectiva\u00bb _builder_version=\u00bb4.21.0&#8243; _module_preset=\u00bbdefault\u00bb custom_margin=\u00bb0px||0px||false|false\u00bb custom_margin_tablet=\u00bb0px||0px||false|false\u00bb custom_margin_phone=\u00bb30px||0px||false|false\u00bb custom_margin_last_edited=\u00bbon|phone\u00bb custom_padding=\u00bb0px|0px|0px|0px|false|false\u00bb locked=\u00bboff\u00bb global_colors_info=\u00bb{}\u00bb][et_pb_column type=\u00bb4_4&#8243; _builder_version=\u00bb4.19.2&#8243; _module_preset=\u00bbdefault\u00bb custom_padding=\u00bb6vw||||false|false\u00bb custom_padding_tablet=\u00bb0vw||||false|false\u00bb custom_padding_phone=\u00bb0vw||||false|false\u00bb custom_padding_last_edited=\u00bbon|tablet\u00bb global_colors_info=\u00bb{}\u00bb][et_pb_text _builder_version=\u00bb4.19.2&#8243; _module_preset=\u00bbac782700-2bdb-466e-9e4b-0834cd76e551&#8243; custom_margin=\u00bb||10px||false|false\u00bb global_colors_info=\u00bb{}\u00bb]<\/p>\n<h2>Inscripci\u00f3n y materiales<\/h2>\n<p>[\/et_pb_text][et_pb_text _builder_version=\u00bb4.21.0&#8243; _module_preset=\u00bb821f246f-b2de-4af1-8003-2ddf0bcc1729&#8243; text_line_height=\u00bb1.6em\u00bb global_colors_info=\u00bb{}\u00bb]<\/p>\n<ul>\n<li><span style=\"font-weight: 400;\">\u00a1Venga, va! Spanish School no cobra matr\u00edcula; pagas solo por lo que reservas.<\/span><span style=\"font-weight: 400;\"><\/span><span style=\"font-weight: 400;\"><\/span><\/li>\n<li><span style=\"font-weight: 400;\">Si est\u00e1s interesado en nuestras clases particulares, online o de conversaci\u00f3n, no tendr\u00e1s que comprar libros. La escuela te facilitar\u00e1 los materiales necesarios. Solo las clases presenciales requieren el uso de libros (35\u20ac por libro y nivel). <\/span><span style=\"font-size: 16px;\"><\/span><\/li>\n<li><span style=\"font-weight: 400;\">1 hora lectiva = 55 minutos <\/span><br \/><span style=\"font-weight: 400;\"><\/span><\/li>\n<\/ul>\n<p>&nbsp;<\/p>\n<p>&nbsp;<\/p>\n<p>[\/et_pb_text][\/et_pb_column][\/et_pb_row][\/et_pb_section][et_pb_section fb_built=\u00bb1&#8243; admin_label=\u00bbFooter\u00bb _builder_version=\u00bb4.21.0&#8243; _module_preset=\u00bbdefault\u00bb background_color=\u00bb#062B42&#8243; da_disable_devices=\u00bboff|off|off\u00bb saved_tabs=\u00bball\u00bb collapsed=\u00bboff\u00bb global_colors_info=\u00bb{}\u00bb da_is_popup=\u00bboff\u00bb da_exit_intent=\u00bboff\u00bb da_has_close=\u00bbon\u00bb da_alt_close=\u00bboff\u00bb da_dark_close=\u00bboff\u00bb da_not_modal=\u00bbon\u00bb da_is_singular=\u00bboff\u00bb da_with_loader=\u00bboff\u00bb da_has_shadow=\u00bbon\u00bb][et_pb_row _builder_version=\u00bb4.19.2&#8243; _module_preset=\u00bbdefault\u00bb custom_margin=\u00bb||60px||false|false\u00bb custom_margin_tablet=\u00bb||30px||false|false\u00bb custom_margin_phone=\u00bb\u00bb custom_margin_last_edited=\u00bbon|desktop\u00bb global_colors_info=\u00bb{}\u00bb][et_pb_column type=\u00bb4_4&#8243; _builder_version=\u00bb4.19.2&#8243; _module_preset=\u00bbdefault\u00bb global_colors_info=\u00bb{}\u00bb][et_pb_text _builder_version=\u00bb4.19.2&#8243; _module_preset=\u00bb764e62d8-f7d3-4f15-897b-03502973addc\u00bb header_4_text_color=\u00bb#FFFFFF\u00bb text_orientation=\u00bbcenter\u00bb global_colors_info=\u00bb{}\u00bb]<\/p>\n<h4>Contacta con nosotros <\/h4>\n<p>[\/et_pb_text][et_pb_text _builder_version=\u00bb4.19.2&#8243; _module_preset=\u00bbb1fb32c5-3d0a-4566-aa09-dfadd197b8c6&#8243; header_2_text_color=\u00bb#FFFFFF\u00bb text_orientation=\u00bbcenter\u00bb global_colors_info=\u00bb{}\u00bb]<\/p>\n<h2>\u00bfEmpezamos?<\/h2>\n<p>[\/et_pb_text][et_pb_text _builder_version=\u00bb4.21.0&#8243; _module_preset=\u00bba83fe537-d234-4f94-ab1e-a4dca2e33abb\u00bb text_text_color=\u00bbrgba(255,255,255,0.7)\u00bb text_orientation=\u00bbcenter\u00bb max_width=\u00bb600px\u00bb module_alignment=\u00bbcenter\u00bb global_colors_info=\u00bb{}\u00bb]<\/p>\n<p>\u00a1Prueba nuestros cursos grupales gratis! Haz clic en el bot\u00f3n y cu\u00e9ntanos qu\u00e9 necesitas. Te contactaremos para programar tu clase de prueba gratuita. <\/p>\n<p>&nbsp;<\/p>\n<p>[\/et_pb_text][et_pb_button button_url=\u00bbhttps:\/\/vengavaspanish.com\/es\/contacto\/\u00bb button_text=\u00bbQuiero una clase de prueba\u00bb button_alignment=\u00bbcenter\u00bb _builder_version=\u00bb4.21.0&#8243; _module_preset=\u00bbafc8e2a0-376f-46da-ae57-fcf1dd621f97&#8243; button_bg_color=\u00bb#ef4f00&#8243; global_colors_info=\u00bb{}\u00bb][\/et_pb_button][\/et_pb_column][\/et_pb_row][et_pb_row column_structure=\u00bb1_3,1_3,1_3&#8243; _builder_version=\u00bb4.19.2&#8243; _module_preset=\u00bbdefault\u00bb border_color_all=\u00bbrgba(255,255,255,0.3)\u00bb border_width_top=\u00bb1px\u00bb global_colors_info=\u00bb{}\u00bb][et_pb_column type=\u00bb1_3&#8243; _builder_version=\u00bb4.19.2&#8243; _module_preset=\u00bbdefault\u00bb global_colors_info=\u00bb{}\u00bb][\/et_pb_column][et_pb_column type=\u00bb1_3&#8243; _builder_version=\u00bb4.19.2&#8243; _module_preset=\u00bbdefault\u00bb custom_padding=\u00bb1vw||||false|false\u00bb custom_padding_tablet=\u00bb0vw||||false|false\u00bb custom_padding_phone=\u00bb\u00bb custom_padding_last_edited=\u00bbon|tablet\u00bb global_colors_info=\u00bb{}\u00bb][\/et_pb_column][et_pb_column type=\u00bb1_3&#8243; _builder_version=\u00bb4.19.2&#8243; _module_preset=\u00bbdefault\u00bb global_colors_info=\u00bb{}\u00bb][et_pb_social_media_follow icon_color=\u00bb#FFFFFF\u00bb use_icon_font_size=\u00bbon\u00bb icon_font_size=\u00bb14px\u00bb _builder_version=\u00bb4.21.0&#8243; _module_preset=\u00bbdefault\u00bb text_orientation=\u00bbright\u00bb text_orientation_tablet=\u00bbcenter\u00bb text_orientation_phone=\u00bb\u00bb text_orientation_last_edited=\u00bbon|tablet\u00bb border_radii=\u00bbon|100px|100px|100px|100px\u00bb border_width_all=\u00bb2px\u00bb border_color_all=\u00bb#FFFFFF\u00bb locked=\u00bboff\u00bb global_colors_info=\u00bb{}\u00bb][et_pb_social_media_follow_network social_network=\u00bbinstagram\u00bb url=\u00bbhttps:\/\/www.instagram.com\/vengava_spanish\/\u00bb _builder_version=\u00bb4.21.0&#8243; _module_preset=\u00bbdefault\u00bb custom_padding=\u00bb4px|4px|4px|4px|true|true\u00bb global_colors_info=\u00bb{}\u00bb follow_button=\u00bboff\u00bb url_new_window=\u00bbon\u00bb]instagram[\/et_pb_social_media_follow_network][\/et_pb_social_media_follow][\/et_pb_column][\/et_pb_row][\/et_pb_section]<\/p>\n","protected":false},"excerpt":{"rendered":"<p>PreciosTodos los cursosAqu\u00ed puedes consultar los precios de todos nuestros cursos de un vistazo. M\u00e1s detalles en el apartado de \u00abInscripci\u00f3n y materiales\u00bb. &nbsp;Descargar la tabla de preciosInscripci\u00f3n y materiales \u00a1Venga, va! Spanish School no cobra matr\u00edcula; pagas solo por lo que reservas. Si est\u00e1s interesado en nuestras clases particulares, online o de conversaci\u00f3n, no [&hellip;]<\/p>\n","protected":false},"author":1,"featured_media":0,"parent":0,"menu_order":0,"comment_status":"closed","ping_status":"closed","template":"","meta":{"_et_pb_use_builder":"on","_et_pb_old_content":"","_et_gb_content_width":"","_monsterinsights_skip_tracking":false,"_monsterinsights_sitenote_active":false,"_monsterinsights_sitenote_note":"","_monsterinsights_sitenote_category":0,"_joinchat":[],"footnotes":""},"class_list":["post-6604","page","type-page","status-publish","hentry"],"yoast_head":"<!-- This site is optimized with the Yoast SEO plugin v27.4 - https:\/\/yoast.com\/product\/yoast-seo-wordpress\/ -->\n<title>Precios de Cursos de Espa\u00f1ol | \u00a1Venga, va! Spanish School<\/title>\n<meta name=\"description\" content=\"Consulta nuestras tarifas y elige el curso de espa\u00f1ol en Barcelona que mejor se adapte a ti. Sin gastos ocultos.\" \/>\n<meta name=\"robots\" content=\"index, follow, max-snippet:-1, max-image-preview:large, max-video-preview:-1\" \/>\n<link rel=\"canonical\" href=\"https:\/\/vengavaspanish.com\/es\/precios\/\" \/>\n<meta property=\"og:locale\" content=\"es_ES\" \/>\n<meta property=\"og:type\" content=\"article\" \/>\n<meta property=\"og:title\" content=\"Precios de Cursos de Espa\u00f1ol | \u00a1Venga, va! Spanish School\" \/>\n<meta property=\"og:description\" content=\"Consulta nuestras tarifas y elige el curso de espa\u00f1ol en Barcelona que mejor se adapte a ti. Sin gastos ocultos.\" \/>\n<meta property=\"og:url\" content=\"https:\/\/vengavaspanish.com\/es\/precios\/\" \/>\n<meta property=\"og:site_name\" content=\"Venga Va Spanish\" \/>\n<meta property=\"article:modified_time\" content=\"2025-10-03T09:03:26+00:00\" \/>\n<meta name=\"twitter:card\" content=\"summary_large_image\" \/>\n<meta name=\"twitter:label1\" content=\"Tiempo de lectura\" \/>\n\t<meta name=\"twitter:data1\" content=\"2 minutos\" \/>\n<script type=\"application\/ld+json\" class=\"yoast-schema-graph\">{\"@context\":\"https:\\\/\\\/schema.org\",\"@graph\":[{\"@type\":\"WebPage\",\"@id\":\"https:\\\/\\\/vengavaspanish.com\\\/es\\\/precios\\\/\",\"url\":\"https:\\\/\\\/vengavaspanish.com\\\/es\\\/precios\\\/\",\"name\":\"Precios de Cursos de Espa\u00f1ol | \u00a1Venga, va! Spanish School\",\"isPartOf\":{\"@id\":\"https:\\\/\\\/vengavaspanish.com\\\/es\\\/#website\"},\"datePublished\":\"2023-07-16T11:09:47+00:00\",\"dateModified\":\"2025-10-03T09:03:26+00:00\",\"description\":\"Consulta nuestras tarifas y elige el curso de espa\u00f1ol en Barcelona que mejor se adapte a ti. Sin gastos ocultos.\",\"breadcrumb\":{\"@id\":\"https:\\\/\\\/vengavaspanish.com\\\/es\\\/precios\\\/#breadcrumb\"},\"inLanguage\":\"es\",\"potentialAction\":[{\"@type\":\"ReadAction\",\"target\":[\"https:\\\/\\\/vengavaspanish.com\\\/es\\\/precios\\\/\"]}]},{\"@type\":\"BreadcrumbList\",\"@id\":\"https:\\\/\\\/vengavaspanish.com\\\/es\\\/precios\\\/#breadcrumb\",\"itemListElement\":[{\"@type\":\"ListItem\",\"position\":1,\"name\":\"Home\",\"item\":\"https:\\\/\\\/vengavaspanish.com\\\/es\\\/\"},{\"@type\":\"ListItem\",\"position\":2,\"name\":\"Precios\"}]},{\"@type\":\"WebSite\",\"@id\":\"https:\\\/\\\/vengavaspanish.com\\\/es\\\/#website\",\"url\":\"https:\\\/\\\/vengavaspanish.com\\\/es\\\/\",\"name\":\"Venga Va Spanish\",\"description\":\"\",\"publisher\":{\"@id\":\"https:\\\/\\\/vengavaspanish.com\\\/es\\\/#organization\"},\"potentialAction\":[{\"@type\":\"SearchAction\",\"target\":{\"@type\":\"EntryPoint\",\"urlTemplate\":\"https:\\\/\\\/vengavaspanish.com\\\/es\\\/?s={search_term_string}\"},\"query-input\":{\"@type\":\"PropertyValueSpecification\",\"valueRequired\":true,\"valueName\":\"search_term_string\"}}],\"inLanguage\":\"es\"},{\"@type\":\"Organization\",\"@id\":\"https:\\\/\\\/vengavaspanish.com\\\/es\\\/#organization\",\"name\":\"Venga Va Spanish\",\"url\":\"https:\\\/\\\/vengavaspanish.com\\\/es\\\/\",\"logo\":{\"@type\":\"ImageObject\",\"inLanguage\":\"es\",\"@id\":\"https:\\\/\\\/vengavaspanish.com\\\/es\\\/#\\\/schema\\\/logo\\\/image\\\/\",\"url\":\"https:\\\/\\\/vengavaspanish.com\\\/wp-content\\\/uploads\\\/2023\\\/07\\\/Logo_Venga-va_1.png\",\"contentUrl\":\"https:\\\/\\\/vengavaspanish.com\\\/wp-content\\\/uploads\\\/2023\\\/07\\\/Logo_Venga-va_1.png\",\"width\":2402,\"height\":1517,\"caption\":\"Venga Va Spanish\"},\"image\":{\"@id\":\"https:\\\/\\\/vengavaspanish.com\\\/es\\\/#\\\/schema\\\/logo\\\/image\\\/\"}}]}<\/script>\n<!-- \/ Yoast SEO plugin. -->","yoast_head_json":{"title":"Precios de Cursos de Espa\u00f1ol | \u00a1Venga, va! Spanish School","description":"Consulta nuestras tarifas y elige el curso de espa\u00f1ol en Barcelona que mejor se adapte a ti. Sin gastos ocultos.","robots":{"index":"index","follow":"follow","max-snippet":"max-snippet:-1","max-image-preview":"max-image-preview:large","max-video-preview":"max-video-preview:-1"},"canonical":"https:\/\/vengavaspanish.com\/es\/precios\/","og_locale":"es_ES","og_type":"article","og_title":"Precios de Cursos de Espa\u00f1ol | \u00a1Venga, va! Spanish School","og_description":"Consulta nuestras tarifas y elige el curso de espa\u00f1ol en Barcelona que mejor se adapte a ti. Sin gastos ocultos.","og_url":"https:\/\/vengavaspanish.com\/es\/precios\/","og_site_name":"Venga Va Spanish","article_modified_time":"2025-10-03T09:03:26+00:00","twitter_card":"summary_large_image","twitter_misc":{"Tiempo de lectura":"2 minutos"},"schema":{"@context":"https:\/\/schema.org","@graph":[{"@type":"WebPage","@id":"https:\/\/vengavaspanish.com\/es\/precios\/","url":"https:\/\/vengavaspanish.com\/es\/precios\/","name":"Precios de Cursos de Espa\u00f1ol | \u00a1Venga, va! Spanish School","isPartOf":{"@id":"https:\/\/vengavaspanish.com\/es\/#website"},"datePublished":"2023-07-16T11:09:47+00:00","dateModified":"2025-10-03T09:03:26+00:00","description":"Consulta nuestras tarifas y elige el curso de espa\u00f1ol en Barcelona que mejor se adapte a ti. Sin gastos ocultos.","breadcrumb":{"@id":"https:\/\/vengavaspanish.com\/es\/precios\/#breadcrumb"},"inLanguage":"es","potentialAction":[{"@type":"ReadAction","target":["https:\/\/vengavaspanish.com\/es\/precios\/"]}]},{"@type":"BreadcrumbList","@id":"https:\/\/vengavaspanish.com\/es\/precios\/#breadcrumb","itemListElement":[{"@type":"ListItem","position":1,"name":"Home","item":"https:\/\/vengavaspanish.com\/es\/"},{"@type":"ListItem","position":2,"name":"Precios"}]},{"@type":"WebSite","@id":"https:\/\/vengavaspanish.com\/es\/#website","url":"https:\/\/vengavaspanish.com\/es\/","name":"Venga Va Spanish","description":"","publisher":{"@id":"https:\/\/vengavaspanish.com\/es\/#organization"},"potentialAction":[{"@type":"SearchAction","target":{"@type":"EntryPoint","urlTemplate":"https:\/\/vengavaspanish.com\/es\/?s={search_term_string}"},"query-input":{"@type":"PropertyValueSpecification","valueRequired":true,"valueName":"search_term_string"}}],"inLanguage":"es"},{"@type":"Organization","@id":"https:\/\/vengavaspanish.com\/es\/#organization","name":"Venga Va Spanish","url":"https:\/\/vengavaspanish.com\/es\/","logo":{"@type":"ImageObject","inLanguage":"es","@id":"https:\/\/vengavaspanish.com\/es\/#\/schema\/logo\/image\/","url":"https:\/\/vengavaspanish.com\/wp-content\/uploads\/2023\/07\/Logo_Venga-va_1.png","contentUrl":"https:\/\/vengavaspanish.com\/wp-content\/uploads\/2023\/07\/Logo_Venga-va_1.png","width":2402,"height":1517,"caption":"Venga Va Spanish"},"image":{"@id":"https:\/\/vengavaspanish.com\/es\/#\/schema\/logo\/image\/"}}]}},"_links":{"self":[{"href":"https:\/\/vengavaspanish.com\/es\/wp-json\/wp\/v2\/pages\/6604","targetHints":{"allow":["GET"]}}],"collection":[{"href":"https:\/\/vengavaspanish.com\/es\/wp-json\/wp\/v2\/pages"}],"about":[{"href":"https:\/\/vengavaspanish.com\/es\/wp-json\/wp\/v2\/types\/page"}],"author":[{"embeddable":true,"href":"https:\/\/vengavaspanish.com\/es\/wp-json\/wp\/v2\/users\/1"}],"replies":[{"embeddable":true,"href":"https:\/\/vengavaspanish.com\/es\/wp-json\/wp\/v2\/comments?post=6604"}],"version-history":[{"count":14,"href":"https:\/\/vengavaspanish.com\/es\/wp-json\/wp\/v2\/pages\/6604\/revisions"}],"predecessor-version":[{"id":7267,"href":"https:\/\/vengavaspanish.com\/es\/wp-json\/wp\/v2\/pages\/6604\/revisions\/7267"}],"wp:attachment":[{"href":"https:\/\/vengavaspanish.com\/es\/wp-json\/wp\/v2\/media?parent=6604"}],"curies":[{"name":"wp","href":"https:\/\/api.w.org\/{rel}","templated":true}]}}